{"id":39,"date":"2016-11-16T03:12:49","date_gmt":"2016-11-16T03:12:49","guid":{"rendered":"https:\/\/armroboticsinc.com\/mx\/?page_id=39"},"modified":"2022-11-06T01:33:51","modified_gmt":"2022-11-06T01:33:51","slug":"39-2","status":"publish","type":"page","link":"https:\/\/armroboticsinc.com\/mx\/39-2\/","title":{"rendered":""},"content":{"rendered":"<div id=\"pl-39\"  class=\"panel-layout\" ><div id=\"pg-39-0\"  class=\"panel-grid panel-no-style\" ><div id=\"pgc-39-0-0\"  class=\"panel-grid-cell\" ><div id=\"panel-39-0-0-0\" class=\"so-panel widget widget_sow-editor panel-first-child panel-last-child\" data-index=\"0\" ><div\n\t\t\t\n\t\t\tclass=\"so-widget-sow-editor so-widget-sow-editor-base\"\n\t\t\t\n\t\t><h3 class=\"widget-title\">Nuestras Especialidades<\/h3>\n<div class=\"siteorigin-widget-tinymce textwidget\">\n\t<\/div>\n<\/div><\/div><\/div><\/div><div id=\"pg-39-1\"  class=\"panel-grid panel-no-style\" ><div id=\"pgc-39-1-0\"  class=\"panel-grid-cell\" ><div id=\"panel-39-1-0-0\" class=\"so-panel widget widget_sow-slider panel-first-child panel-last-child\" data-index=\"1\" ><div\n\t\t\t\n\t\t\tclass=\"so-widget-sow-slider so-widget-sow-slider-default-6d39609536fd-39\"\n\t\t\t\n\t\t>\t\t\t\t<div class=\"sow-slider-base\" style=\"display: none\" tabindex=\"0\">\n\t\t\t\t\t<ul\n\t\t\t\t\tclass=\"sow-slider-images\"\n\t\t\t\t\tdata-settings=\"{&quot;pagination&quot;:true,&quot;speed&quot;:800,&quot;timeout&quot;:5000,&quot;paused&quot;:false,&quot;pause_on_hover&quot;:true,&quot;swipe&quot;:true,&quot;nav_always_show_desktop&quot;:&quot;&quot;,&quot;nav_always_show_mobile&quot;:&quot;&quot;,&quot;breakpoint&quot;:&quot;780px&quot;,&quot;unmute&quot;:false,&quot;anchor&quot;:null}\"\n\t\t\t\t\t\t\t\t\t\tdata-anchor-id=\"\"\n\t\t\t\t>\t\t<li class=\"sow-slider-image\" style=\"visibility: visible;\" >\n\t\t\t\t\t\t<img fetchpriority=\"high\" decoding=\"async\" width=\"500\" height=\"345\" src=\"https:\/\/armroboticsinc.com\/mx\/wp-content\/uploads\/2016\/11\/Picture6.jpg\" class=\"sow-slider-background-image\" alt=\"\" style=\"\" srcset=\"https:\/\/armroboticsinc.com\/mx\/wp-content\/uploads\/2016\/11\/Picture6.jpg 500w, https:\/\/armroboticsinc.com\/mx\/wp-content\/uploads\/2016\/11\/Picture6-300x207.jpg 300w, https:\/\/armroboticsinc.com\/mx\/wp-content\/uploads\/2016\/11\/Picture6-230x159.jpg 230w, https:\/\/armroboticsinc.com\/mx\/wp-content\/uploads\/2016\/11\/Picture6-350x242.jpg 350w, https:\/\/armroboticsinc.com\/mx\/wp-content\/uploads\/2016\/11\/Picture6-480x331.jpg 480w\" sizes=\"(max-width: 500px) 100vw, 500px\" \/>\t\t<\/li>\n\t\t\t\t<li class=\"sow-slider-image\" style=\"visibility: hidden;\" >\n\t\t\t\t\t\t<img decoding=\"async\" width=\"450\" height=\"337\" src=\"https:\/\/armroboticsinc.com\/mx\/wp-content\/uploads\/2016\/11\/Picture5.jpg\" class=\"sow-slider-background-image\" alt=\"\" style=\"\" srcset=\"https:\/\/armroboticsinc.com\/mx\/wp-content\/uploads\/2016\/11\/Picture5.jpg 450w, https:\/\/armroboticsinc.com\/mx\/wp-content\/uploads\/2016\/11\/Picture5-300x225.jpg 300w, https:\/\/armroboticsinc.com\/mx\/wp-content\/uploads\/2016\/11\/Picture5-230x172.jpg 230w, https:\/\/armroboticsinc.com\/mx\/wp-content\/uploads\/2016\/11\/Picture5-350x262.jpg 350w\" sizes=\"(max-width: 450px) 100vw, 450px\" \/>\t\t<\/li>\n\t\t\t\t<li class=\"sow-slider-image\" style=\"visibility: hidden;\" >\n\t\t\t\t\t\t<img decoding=\"async\" width=\"4032\" height=\"3024\" src=\"https:\/\/armroboticsinc.com\/mx\/wp-content\/uploads\/2016\/11\/IMG_3685.jpg\" class=\"sow-slider-background-image\" alt=\"\" style=\"\" srcset=\"https:\/\/armroboticsinc.com\/mx\/wp-content\/uploads\/2016\/11\/IMG_3685.jpg 4032w, https:\/\/armroboticsinc.com\/mx\/wp-content\/uploads\/2016\/11\/IMG_3685-300x225.jpg 300w, https:\/\/armroboticsinc.com\/mx\/wp-content\/uploads\/2016\/11\/IMG_3685-768x576.jpg 768w, https:\/\/armroboticsinc.com\/mx\/wp-content\/uploads\/2016\/11\/IMG_3685-1024x768.jpg 1024w, https:\/\/armroboticsinc.com\/mx\/wp-content\/uploads\/2016\/11\/IMG_3685-830x623.jpg 830w, https:\/\/armroboticsinc.com\/mx\/wp-content\/uploads\/2016\/11\/IMG_3685-230x173.jpg 230w, https:\/\/armroboticsinc.com\/mx\/wp-content\/uploads\/2016\/11\/IMG_3685-350x263.jpg 350w, https:\/\/armroboticsinc.com\/mx\/wp-content\/uploads\/2016\/11\/IMG_3685-480x360.jpg 480w\" sizes=\"(max-width: 4032px) 100vw, 4032px\" \/>\t\t<\/li>\n\t\t\t\t<li class=\"sow-slider-image\" style=\"visibility: hidden;\" >\n\t\t\t\t\t\t<img loading=\"lazy\" decoding=\"async\" width=\"4032\" height=\"3024\" src=\"https:\/\/armroboticsinc.com\/mx\/wp-content\/uploads\/2016\/11\/IMG_4248.jpg\" class=\"sow-slider-background-image\" alt=\"\" style=\"\" srcset=\"https:\/\/armroboticsinc.com\/mx\/wp-content\/uploads\/2016\/11\/IMG_4248.jpg 4032w, https:\/\/armroboticsinc.com\/mx\/wp-content\/uploads\/2016\/11\/IMG_4248-300x225.jpg 300w, https:\/\/armroboticsinc.com\/mx\/wp-content\/uploads\/2016\/11\/IMG_4248-768x576.jpg 768w, https:\/\/armroboticsinc.com\/mx\/wp-content\/uploads\/2016\/11\/IMG_4248-1024x768.jpg 1024w, https:\/\/armroboticsinc.com\/mx\/wp-content\/uploads\/2016\/11\/IMG_4248-830x623.jpg 830w, https:\/\/armroboticsinc.com\/mx\/wp-content\/uploads\/2016\/11\/IMG_4248-230x173.jpg 230w, https:\/\/armroboticsinc.com\/mx\/wp-content\/uploads\/2016\/11\/IMG_4248-350x263.jpg 350w, https:\/\/armroboticsinc.com\/mx\/wp-content\/uploads\/2016\/11\/IMG_4248-480x360.jpg 480w\" sizes=\"(max-width: 4032px) 100vw, 4032px\" \/>\t\t<\/li>\n\t\t\t\t<li class=\"sow-slider-image\" style=\"visibility: hidden;\" >\n\t\t\t\t\t\t<img loading=\"lazy\" decoding=\"async\" width=\"3024\" height=\"3024\" src=\"https:\/\/armroboticsinc.com\/mx\/wp-content\/uploads\/2016\/11\/IMG_3787.jpg\" class=\"sow-slider-background-image\" alt=\"\" style=\"\" srcset=\"https:\/\/armroboticsinc.com\/mx\/wp-content\/uploads\/2016\/11\/IMG_3787.jpg 3024w, https:\/\/armroboticsinc.com\/mx\/wp-content\/uploads\/2016\/11\/IMG_3787-150x150.jpg 150w, https:\/\/armroboticsinc.com\/mx\/wp-content\/uploads\/2016\/11\/IMG_3787-300x300.jpg 300w, https:\/\/armroboticsinc.com\/mx\/wp-content\/uploads\/2016\/11\/IMG_3787-768x768.jpg 768w, https:\/\/armroboticsinc.com\/mx\/wp-content\/uploads\/2016\/11\/IMG_3787-1024x1024.jpg 1024w, https:\/\/armroboticsinc.com\/mx\/wp-content\/uploads\/2016\/11\/IMG_3787-830x830.jpg 830w, https:\/\/armroboticsinc.com\/mx\/wp-content\/uploads\/2016\/11\/IMG_3787-230x230.jpg 230w, https:\/\/armroboticsinc.com\/mx\/wp-content\/uploads\/2016\/11\/IMG_3787-350x350.jpg 350w, https:\/\/armroboticsinc.com\/mx\/wp-content\/uploads\/2016\/11\/IMG_3787-480x480.jpg 480w\" sizes=\"(max-width: 3024px) 100vw, 3024px\" \/>\t\t<\/li>\n\t\t<\/ul>\t\t\t\t<ol class=\"sow-slider-pagination\">\n\t\t\t\t\t\t\t\t\t\t\t<li><a href=\"#\" data-goto=\"0\" aria-label=\"Display slide 1\"><\/a><\/li>\n\t\t\t\t\t\t\t\t\t\t\t<li><a href=\"#\" data-goto=\"1\" aria-label=\"Display slide 2\"><\/a><\/li>\n\t\t\t\t\t\t\t\t\t\t\t<li><a href=\"#\" data-goto=\"2\" aria-label=\"Display slide 3\"><\/a><\/li>\n\t\t\t\t\t\t\t\t\t\t\t<li><a href=\"#\" data-goto=\"3\" aria-label=\"Display slide 4\"><\/a><\/li>\n\t\t\t\t\t\t\t\t\t\t\t<li><a href=\"#\" data-goto=\"4\" aria-label=\"Display slide 5\"><\/a><\/li>\n\t\t\t\t\t\t\t\t\t<\/ol>\n\n\t\t\t\t<div class=\"sow-slide-nav sow-slide-nav-next\">\n\t\t\t\t\t<a href=\"#\" data-goto=\"next\" aria-label=\"Next slide\" data-action=\"next\">\n\t\t\t\t\t\t<em class=\"sow-sld-icon-thin-right\"><\/em>\n\t\t\t\t\t<\/a>\n\t\t\t\t<\/div>\n\n\t\t\t\t<div class=\"sow-slide-nav sow-slide-nav-prev\">\n\t\t\t\t\t<a href=\"#\" data-goto=\"previous\" aria-label=\"Previous slide\" data-action=\"prev\">\n\t\t\t\t\t\t<em class=\"sow-sld-icon-thin-left\"><\/em>\n\t\t\t\t\t<\/a>\n\t\t\t\t<\/div>\n\t\t\t\t<\/div><\/div><\/div><\/div><\/div><div id=\"pg-39-2\"  class=\"panel-grid panel-no-style\" ><div id=\"pgc-39-2-0\"  class=\"panel-grid-cell\" ><div id=\"panel-39-2-0-0\" class=\"so-panel widget widget_sow-features panel-first-child panel-last-child\" data-index=\"2\" ><div\n\t\t\t\n\t\t\tclass=\"so-widget-sow-features so-widget-sow-features-default-51d63bc828da-39\"\n\t\t\t\n\t\t>\n<div class=\"sow-features-list \nsow-features-responsive\">\n\n\t\t\t\t\t\t\t\t\t<div\n\t\t\t\tclass=\"sow-features-feature sow-icon-container-position-top\"\n\t\t\t\tstyle=\"display: flex; flex-direction: column; width: calc(33.333% - 25px);\"\n\t\t\t>\n\t\t\t\n\t\t\t\t\t\t\t\t<div\n\t\t\t\t\tclass=\"sow-icon-container sow-container-octagon\"\n\t\t\t\t\tstyle=\"color: #b5b5b5; \"\n\t\t\t\t\t\t\t\t\t>\n\t\t\t\t\t<span class=\"sow-icon-fontawesome sow-fas\" data-sow-icon=\"&#xf013;\"\n\t\tstyle=\"font-size: 50px; color: #FFFFFF\" \n\t\taria-hidden=\"true\"><\/span>\t\t\t\t<\/div>\n\t\t\t\t\n\t\t\t\t<div class=\"textwidget\">\n\t\t\t\t\t\n\t\t\t\t\t\n\t\t\t\t\t\t\t\t\t\t\t<div class=\"sow-features-feature-text\">\n\t\t\t\t\t\t<p>Desarrollo de <b>celdas de manufactura <\/b>autom\u00e1ticas y semi-autom\u00e1ticas.<\/p>\t\t\t\t\t\t<\/div>\n\t\t\t\t\t\n\t\t\t\t\t\t\t\t\t<\/div>\n\t\t\t\t\t\t\t\t\n\t\t\t\t\t\t\t<\/div>\n\n\t\t\t\t\t\t\t\t<div\n\t\t\t\tclass=\"sow-features-feature sow-icon-container-position-top\"\n\t\t\t\tstyle=\"display: flex; flex-direction: column; width: calc(33.333% - 25px);\"\n\t\t\t>\n\t\t\t\n\t\t\t\t\t\t\t\t<div\n\t\t\t\t\tclass=\"sow-icon-container sow-container-octagon\"\n\t\t\t\t\tstyle=\"color: #b5b5b5; \"\n\t\t\t\t\t\t\t\t\t>\n\t\t\t\t\t<span class=\"sow-icon-fontawesome sow-fas\" data-sow-icon=\"&#xf1b6;\"\n\t\tstyle=\"font-size: 50px; color: #FFFFFF\" \n\t\taria-hidden=\"true\"><\/span>\t\t\t\t<\/div>\n\t\t\t\t\n\t\t\t\t<div class=\"textwidget\">\n\t\t\t\t\t\n\t\t\t\t\t\n\t\t\t\t\t\t\t\t\t\t\t<div class=\"sow-features-feature-text\">\n\t\t\t\t\t\t<p>\u00a0Desarrollo de <b>celdas rob\u00f3ticas<\/b>.<\/p>\t\t\t\t\t\t<\/div>\n\t\t\t\t\t\n\t\t\t\t\t\t\t\t\t<\/div>\n\t\t\t\t\t\t\t\t\n\t\t\t\t\t\t\t<\/div>\n\n\t\t\t\t\t\t\t\t<div\n\t\t\t\tclass=\"sow-features-feature sow-icon-container-position-top\"\n\t\t\t\tstyle=\"display: flex; flex-direction: column; width: calc(33.333% - 25px);\"\n\t\t\t>\n\t\t\t\n\t\t\t\t\t\t\t\t<div\n\t\t\t\t\tclass=\"sow-icon-container sow-container-octagon\"\n\t\t\t\t\tstyle=\"color: #b5b5b5; \"\n\t\t\t\t\t\t\t\t\t>\n\t\t\t\t\t<span class=\"sow-icon-fontawesome sow-fas\" data-sow-icon=\"&#xf26c;\"\n\t\tstyle=\"font-size: 50px; color: #FFFFFF\" \n\t\taria-hidden=\"true\"><\/span>\t\t\t\t<\/div>\n\t\t\t\t\n\t\t\t\t<div class=\"textwidget\">\n\t\t\t\t\t\n\t\t\t\t\t\n\t\t\t\t\t\t\t\t\t\t\t<div class=\"sow-features-feature-text\">\n\t\t\t\t\t\t<p><b>Programaci\u00f3n<\/b> de PLC, HMI, rob\u00f3tica, sistemas de visi\u00f3n.<\/p>\t\t\t\t\t\t<\/div>\n\t\t\t\t\t\n\t\t\t\t\t\t\t\t\t<\/div>\n\t\t\t\t\t\t\t\t\n\t\t\t\t\t\t\t<\/div>\n\n\t\t\t\t\t\t\t\t<div\n\t\t\t\tclass=\"sow-features-feature sow-icon-container-position-top\"\n\t\t\t\tstyle=\"display: flex; flex-direction: column; width: calc(33.333% - 25px);\"\n\t\t\t>\n\t\t\t\n\t\t\t\t\t\t\t\t<div\n\t\t\t\t\tclass=\"sow-icon-container sow-container-octagon\"\n\t\t\t\t\tstyle=\"color: #b5b5b5; \"\n\t\t\t\t\t\t\t\t\t>\n\t\t\t\t\t<span class=\"sow-icon-fontawesome sow-fas\" data-sow-icon=\"&#xf08e;\"\n\t\tstyle=\"font-size: 50px; color: #FFFFFF\" \n\t\taria-hidden=\"true\"><\/span>\t\t\t\t<\/div>\n\t\t\t\t\n\t\t\t\t<div class=\"textwidget\">\n\t\t\t\t\t\n\t\t\t\t\t\n\t\t\t\t\t\t\t\t\t\t\t<div class=\"sow-features-feature-text\">\n\t\t\t\t\t\t<p><b>Integraci\u00f3n<\/b> de PLC, robots, entre otros, a sistemas tipo \u201cMES\u201d<\/p>\t\t\t\t\t\t<\/div>\n\t\t\t\t\t\n\t\t\t\t\t\t\t\t\t<\/div>\n\t\t\t\t\t\t\t\t\n\t\t\t\t\t\t\t<\/div>\n\n\t\t\t\t\t\t\t\t<div\n\t\t\t\tclass=\"sow-features-feature sow-icon-container-position-top\"\n\t\t\t\tstyle=\"display: flex; flex-direction: column; width: calc(33.333% - 25px);\"\n\t\t\t>\n\t\t\t\n\t\t\t\t\t\t\t\t<div\n\t\t\t\t\tclass=\"sow-icon-container sow-container-octagon\"\n\t\t\t\t\tstyle=\"color: #b5b5b5; \"\n\t\t\t\t\t\t\t\t\t>\n\t\t\t\t\t<span class=\"sow-icon-fontawesome sow-fas\" data-sow-icon=\"&#xf085;\"\n\t\tstyle=\"font-size: 50px; color: #FFFFFF\" \n\t\taria-hidden=\"true\"><\/span>\t\t\t\t<\/div>\n\t\t\t\t\n\t\t\t\t<div class=\"textwidget\">\n\t\t\t\t\t\n\t\t\t\t\t\n\t\t\t\t\t\t\t\t\t\t\t<div class=\"sow-features-feature-text\">\n\t\t\t\t\t\t<p>Mantenimientos <b>preventivos<\/b> y <b>correctivos<\/b> para robots industriales.<\/p>\t\t\t\t\t\t<\/div>\n\t\t\t\t\t\n\t\t\t\t\t\t\t\t\t<\/div>\n\t\t\t\t\t\t\t\t\n\t\t\t\t\t\t\t<\/div>\n\n\t\t\t\t\t\t\t\t<div\n\t\t\t\tclass=\"sow-features-feature sow-icon-container-position-top\"\n\t\t\t\tstyle=\"display: flex; flex-direction: column; width: calc(33.333% - 25px);\"\n\t\t\t>\n\t\t\t\n\t\t\t\t\t\t\t\t<div\n\t\t\t\t\tclass=\"sow-icon-container sow-container-octagon\"\n\t\t\t\t\tstyle=\"color: #b5b5b5; \"\n\t\t\t\t\t\t\t\t\t>\n\t\t\t\t\t<span class=\"sow-icon-fontawesome sow-fas\" data-sow-icon=\"&#xf0c0;\"\n\t\tstyle=\"font-size: 50px; color: #FFFFFF\" \n\t\taria-hidden=\"true\"><\/span>\t\t\t\t<\/div>\n\t\t\t\t\n\t\t\t\t<div class=\"textwidget\">\n\t\t\t\t\t\n\t\t\t\t\t\n\t\t\t\t\t\t\t\t\t\t\t<div class=\"sow-features-feature-text\">\n\t\t\t\t\t\t<p>Cursos de <b>capacitaci\u00f3n<\/b> en PLC.<\/p>\t\t\t\t\t\t<\/div>\n\t\t\t\t\t\n\t\t\t\t\t\t\t\t\t<\/div>\n\t\t\t\t\t\t\t\t\n\t\t\t\t\t\t\t<\/div>\n\n\t\t\t\n<\/div>\n<\/div><\/div><\/div><\/div><\/div>","protected":false},"excerpt":{"rendered":"<p>Nuestras Especialidades Desarrollo de celdas de manufactura autom\u00e1ticas y semi-autom\u00e1ticas. \u00a0Desarrollo de celdas rob\u00f3ticas. Programaci\u00f3n de PLC, HMI, rob\u00f3tica, sistemas de visi\u00f3n. Integraci\u00f3n de PLC, robots, entre otros, a sistemas tipo \u201cMES\u201d Mantenimientos preventivos y correctivos para robots industriales. Cursos de capacitaci\u00f3n en PLC.<\/p>\n","protected":false},"author":1,"featured_media":0,"parent":0,"menu_order":0,"comment_status":"closed","ping_status":"closed","template":"page-templates\/page_fullwidth.php","meta":{"footnotes":""},"class_list":["post-39","page","type-page","status-publish","hentry"],"_links":{"self":[{"href":"https:\/\/armroboticsinc.com\/mx\/wp-json\/wp\/v2\/pages\/39","targetHints":{"allow":["GET"]}}],"collection":[{"href":"https:\/\/armroboticsinc.com\/mx\/wp-json\/wp\/v2\/pages"}],"about":[{"href":"https:\/\/armroboticsinc.com\/mx\/wp-json\/wp\/v2\/types\/page"}],"author":[{"embeddable":true,"href":"https:\/\/armroboticsinc.com\/mx\/wp-json\/wp\/v2\/users\/1"}],"replies":[{"embeddable":true,"href":"https:\/\/armroboticsinc.com\/mx\/wp-json\/wp\/v2\/comments?post=39"}],"version-history":[{"count":1,"href":"https:\/\/armroboticsinc.com\/mx\/wp-json\/wp\/v2\/pages\/39\/revisions"}],"predecessor-version":[{"id":1143,"href":"https:\/\/armroboticsinc.com\/mx\/wp-json\/wp\/v2\/pages\/39\/revisions\/1143"}],"wp:attachment":[{"href":"https:\/\/armroboticsinc.com\/mx\/wp-json\/wp\/v2\/media?parent=39"}],"curies":[{"name":"wp","href":"https:\/\/api.w.org\/{rel}","templated":true}]}}